{"id":24671,"date":"2025-10-30T17:28:31","date_gmt":"2025-10-30T15:28:31","guid":{"rendered":"https:\/\/crochetts.com\/ueber-uns\/"},"modified":"2026-03-17T12:05:05","modified_gmt":"2026-03-17T10:05:05","slug":"ueber-uns","status":"publish","type":"page","link":"https:\/\/crochetts.com\/de\/ueber-uns\/","title":{"rendered":"\u00dcber uns"},"content":{"rendered":"<h2 style=\"text-align: center;\"><span style=\"color: #000000;\">UNSER WORKSHOP UND UNSERE PHILOSOPHIE<\/span><\/h2>\n<p>&nbsp;<\/p>\n<p><span style=\"color: #000000;\">In unserer Werkstatt entwerfen und fertigen wir diese sch\u00f6nen H\u00e4keltiere in 3 verschiedenen Gr\u00f6\u00dfen (klein, mittel und gro\u00df). Wir verwenden nat\u00fcrliche Materialien wie Holz f\u00fcr die Struktur der gro\u00dfen Tiere und 100% nat\u00fcrliche Baumwolle f\u00fcr die H\u00e4kelarbeit, die sie bedeckt. <\/span><\/p>\n<p><span style=\"color: #000000;\"><br \/>\nWir lieben Tiere, daher dreht sich unsere Philosophie in der Werkstatt um sie. Es ist sehr wichtig, dass die j\u00fcngsten Mitglieder der Familie lernen, f\u00fcr sie zu sorgen und sie zu respektieren. Unsere geh\u00e4kelten Amigurumis bringen sie mit der Tierwelt in Verbindung und bieten ihnen Spiel, Spa\u00df und Gesellschaft, je nachdem, welche Gr\u00f6\u00dfe sie w\u00e4hlen.  <\/span><\/p>\n<p>&nbsp;<\/p>\n<div class=\"row\">\n<div class=\"col-xs-12 col-sm-4\">\n<div class=\"cms-block\"><\/div>\n<\/div>\n<div class=\"col-xs-12 col-sm-4\">\n<div class=\"cms-box\"><\/div>\n<\/div>\n<\/div>\n","protected":false},"excerpt":{"rendered":"<p>UNSER WORKSHOP UND UNSERE PHILOSOPHIE &nbsp; In unserer Werkstatt entwerfen und fertigen wir diese sch\u00f6nen H\u00e4keltiere in 3 verschiedenen Gr\u00f6\u00dfen (klein, mittel und gro\u00df). Wir verwenden nat\u00fcrliche Materialien wie Holz f\u00fcr die Struktur der gro\u00dfen Tiere und 100% nat\u00fcrliche Baumwolle f\u00fcr die H\u00e4kelarbeit, die sie bedeckt. Wir lieben Tiere, daher dreht sich unsere Philosophie in &hellip; <\/p>\n<p class=\"link-more\"><a href=\"https:\/\/crochetts.com\/de\/ueber-uns\/\" class=\"more-link\"><span class=\"screen-reader-text\">\u201e\u00dcber uns\u201c <\/span>weiterlesen<\/a><\/p>\n","protected":false},"author":1,"featured_media":0,"parent":0,"menu_order":3,"comment_status":"closed","ping_status":"closed","template":"","meta":{"_acf_changed":false,"_joinchat":[],"footnotes":""},"class_list":["post-24671","page","type-page","status-publish","hentry","entry"],"acf":[],"yoast_head":"<!-- This site is optimized with the Yoast SEO Premium plugin v26.1 (Yoast SEO v27.3) - https:\/\/yoast.com\/product\/yoast-seo-premium-wordpress\/ -->\n<title>\u00dcber uns - Crochetts<\/title>\n<meta name=\"description\" content=\"Entdecken Sie Crochetts, unsere Werkstatt f\u00fcr Amigurumis und geh\u00e4kelte Stofftiere aus 100% nat\u00fcrlicher Baumwolle, handgemachtes Design.\" \/>\n<meta name=\"robots\" content=\"index, follow, max-snippet:-1, max-image-preview:large, max-video-preview:-1\" \/>\n<link rel=\"canonical\" href=\"https:\/\/crochetts.com\/de\/ueber-uns\/\" \/>\n<meta property=\"og:locale\" content=\"de_DE\" \/>\n<meta property=\"og:type\" content=\"article\" \/>\n<meta property=\"og:title\" content=\"\u00dcber uns\" \/>\n<meta property=\"og:description\" content=\"UNSER WORKSHOP UND UNSERE PHILOSOPHIE &nbsp; In unserer Werkstatt entwerfen und fertigen wir diese sch\u00f6nen H\u00e4keltiere in 3 verschiedenen Gr\u00f6\u00dfen (klein,\" \/>\n<meta property=\"og:url\" content=\"https:\/\/crochetts.com\/de\/ueber-uns\/\" \/>\n<meta property=\"og:site_name\" content=\"Crochetts\" \/>\n<meta property=\"article:publisher\" content=\"https:\/\/www.facebook.com\/Crochetts-101964178013493\" \/>\n<meta property=\"article:modified_time\" content=\"2026-03-17T10:05:05+00:00\" \/>\n<meta name=\"twitter:card\" content=\"summary_large_image\" \/>\n<meta name=\"twitter:label1\" content=\"Gesch\u00e4tzte Lesezeit\" \/>\n\t<meta name=\"twitter:data1\" content=\"1\u00a0Minute\" \/>\n<script type=\"application\/ld+json\" class=\"yoast-schema-graph\">{\"@context\":\"https:\\\/\\\/schema.org\",\"@graph\":[{\"@type\":\"WebPage\",\"@id\":\"https:\\\/\\\/crochetts.com\\\/de\\\/ueber-uns\\\/\",\"url\":\"https:\\\/\\\/crochetts.com\\\/de\\\/ueber-uns\\\/\",\"name\":\"\u00dcber uns - Crochetts\",\"isPartOf\":{\"@id\":\"https:\\\/\\\/crochetts.com\\\/de\\\/#website\"},\"datePublished\":\"2025-10-30T15:28:31+00:00\",\"dateModified\":\"2026-03-17T10:05:05+00:00\",\"description\":\"Entdecken Sie Crochetts, unsere Werkstatt f\u00fcr Amigurumis und geh\u00e4kelte Stofftiere aus 100% nat\u00fcrlicher Baumwolle, handgemachtes Design.\",\"breadcrumb\":{\"@id\":\"https:\\\/\\\/crochetts.com\\\/de\\\/ueber-uns\\\/#breadcrumb\"},\"inLanguage\":\"de\",\"potentialAction\":[{\"@type\":\"ReadAction\",\"target\":[\"https:\\\/\\\/crochetts.com\\\/de\\\/ueber-uns\\\/\"]}]},{\"@type\":\"BreadcrumbList\",\"@id\":\"https:\\\/\\\/crochetts.com\\\/de\\\/ueber-uns\\\/#breadcrumb\",\"itemListElement\":[{\"@type\":\"ListItem\",\"position\":1,\"name\":\"Portada\",\"item\":\"https:\\\/\\\/crochetts.com\\\/de\\\/startseite\\\/\"},{\"@type\":\"ListItem\",\"position\":2,\"name\":\"\u00dcber uns\"}]},{\"@type\":\"WebSite\",\"@id\":\"https:\\\/\\\/crochetts.com\\\/de\\\/#website\",\"url\":\"https:\\\/\\\/crochetts.com\\\/de\\\/\",\"name\":\"Crochetts\",\"description\":\"ANIMALES DE CROCHET PARA JUGAR,DECORAR Y SO\u00d1AR\",\"publisher\":{\"@id\":\"https:\\\/\\\/crochetts.com\\\/de\\\/#organization\"},\"potentialAction\":[{\"@type\":\"SearchAction\",\"target\":{\"@type\":\"EntryPoint\",\"urlTemplate\":\"https:\\\/\\\/crochetts.com\\\/de\\\/?s={search_term_string}\"},\"query-input\":{\"@type\":\"PropertyValueSpecification\",\"valueRequired\":true,\"valueName\":\"search_term_string\"}}],\"inLanguage\":\"de\"},{\"@type\":\"Organization\",\"@id\":\"https:\\\/\\\/crochetts.com\\\/de\\\/#organization\",\"name\":\"H\u00e4keln\",\"url\":\"https:\\\/\\\/crochetts.com\\\/de\\\/\",\"logo\":{\"@type\":\"ImageObject\",\"inLanguage\":\"de\",\"@id\":\"https:\\\/\\\/crochetts.com\\\/de\\\/#\\\/schema\\\/logo\\\/image\\\/\",\"url\":\"https:\\\/\\\/i2.wp.com\\\/crochetts.com\\\/wp-content\\\/uploads\\\/2021\\\/01\\\/Logo-Crochetts.jpg?fit=300%2C137&ssl=1\",\"contentUrl\":\"https:\\\/\\\/i2.wp.com\\\/crochetts.com\\\/wp-content\\\/uploads\\\/2021\\\/01\\\/Logo-Crochetts.jpg?fit=300%2C137&ssl=1\",\"width\":300,\"height\":137,\"caption\":\"H\u00e4keln\"},\"image\":{\"@id\":\"https:\\\/\\\/crochetts.com\\\/de\\\/#\\\/schema\\\/logo\\\/image\\\/\"},\"sameAs\":[\"https:\\\/\\\/www.facebook.com\\\/Crochetts-101964178013493\",\"https:\\\/\\\/www.instagram.com\\\/crochetts_\\\/\"]}]}<\/script>\n<!-- \/ Yoast SEO Premium plugin. -->","yoast_head_json":{"title":"\u00dcber uns - Crochetts","description":"Entdecken Sie Crochetts, unsere Werkstatt f\u00fcr Amigurumis und geh\u00e4kelte Stofftiere aus 100% nat\u00fcrlicher Baumwolle, handgemachtes Design.","robots":{"index":"index","follow":"follow","max-snippet":"max-snippet:-1","max-image-preview":"max-image-preview:large","max-video-preview":"max-video-preview:-1"},"canonical":"https:\/\/crochetts.com\/de\/ueber-uns\/","og_locale":"de_DE","og_type":"article","og_title":"\u00dcber uns","og_description":"UNSER WORKSHOP UND UNSERE PHILOSOPHIE &nbsp; In unserer Werkstatt entwerfen und fertigen wir diese sch\u00f6nen H\u00e4keltiere in 3 verschiedenen Gr\u00f6\u00dfen (klein,","og_url":"https:\/\/crochetts.com\/de\/ueber-uns\/","og_site_name":"Crochetts","article_publisher":"https:\/\/www.facebook.com\/Crochetts-101964178013493","article_modified_time":"2026-03-17T10:05:05+00:00","twitter_card":"summary_large_image","twitter_misc":{"Gesch\u00e4tzte Lesezeit":"1\u00a0Minute"},"schema":{"@context":"https:\/\/schema.org","@graph":[{"@type":"WebPage","@id":"https:\/\/crochetts.com\/de\/ueber-uns\/","url":"https:\/\/crochetts.com\/de\/ueber-uns\/","name":"\u00dcber uns - Crochetts","isPartOf":{"@id":"https:\/\/crochetts.com\/de\/#website"},"datePublished":"2025-10-30T15:28:31+00:00","dateModified":"2026-03-17T10:05:05+00:00","description":"Entdecken Sie Crochetts, unsere Werkstatt f\u00fcr Amigurumis und geh\u00e4kelte Stofftiere aus 100% nat\u00fcrlicher Baumwolle, handgemachtes Design.","breadcrumb":{"@id":"https:\/\/crochetts.com\/de\/ueber-uns\/#breadcrumb"},"inLanguage":"de","potentialAction":[{"@type":"ReadAction","target":["https:\/\/crochetts.com\/de\/ueber-uns\/"]}]},{"@type":"BreadcrumbList","@id":"https:\/\/crochetts.com\/de\/ueber-uns\/#breadcrumb","itemListElement":[{"@type":"ListItem","position":1,"name":"Portada","item":"https:\/\/crochetts.com\/de\/startseite\/"},{"@type":"ListItem","position":2,"name":"\u00dcber uns"}]},{"@type":"WebSite","@id":"https:\/\/crochetts.com\/de\/#website","url":"https:\/\/crochetts.com\/de\/","name":"Crochetts","description":"ANIMALES DE CROCHET PARA JUGAR,DECORAR Y SO\u00d1AR","publisher":{"@id":"https:\/\/crochetts.com\/de\/#organization"},"potentialAction":[{"@type":"SearchAction","target":{"@type":"EntryPoint","urlTemplate":"https:\/\/crochetts.com\/de\/?s={search_term_string}"},"query-input":{"@type":"PropertyValueSpecification","valueRequired":true,"valueName":"search_term_string"}}],"inLanguage":"de"},{"@type":"Organization","@id":"https:\/\/crochetts.com\/de\/#organization","name":"H\u00e4keln","url":"https:\/\/crochetts.com\/de\/","logo":{"@type":"ImageObject","inLanguage":"de","@id":"https:\/\/crochetts.com\/de\/#\/schema\/logo\/image\/","url":"https:\/\/i2.wp.com\/crochetts.com\/wp-content\/uploads\/2021\/01\/Logo-Crochetts.jpg?fit=300%2C137&ssl=1","contentUrl":"https:\/\/i2.wp.com\/crochetts.com\/wp-content\/uploads\/2021\/01\/Logo-Crochetts.jpg?fit=300%2C137&ssl=1","width":300,"height":137,"caption":"H\u00e4keln"},"image":{"@id":"https:\/\/crochetts.com\/de\/#\/schema\/logo\/image\/"},"sameAs":["https:\/\/www.facebook.com\/Crochetts-101964178013493","https:\/\/www.instagram.com\/crochetts_\/"]}]}},"_links":{"self":[{"href":"https:\/\/crochetts.com\/de\/wp-json\/wp\/v2\/pages\/24671","targetHints":{"allow":["GET"]}}],"collection":[{"href":"https:\/\/crochetts.com\/de\/wp-json\/wp\/v2\/pages"}],"about":[{"href":"https:\/\/crochetts.com\/de\/wp-json\/wp\/v2\/types\/page"}],"author":[{"embeddable":true,"href":"https:\/\/crochetts.com\/de\/wp-json\/wp\/v2\/users\/1"}],"replies":[{"embeddable":true,"href":"https:\/\/crochetts.com\/de\/wp-json\/wp\/v2\/comments?post=24671"}],"version-history":[{"count":1,"href":"https:\/\/crochetts.com\/de\/wp-json\/wp\/v2\/pages\/24671\/revisions"}],"predecessor-version":[{"id":24690,"href":"https:\/\/crochetts.com\/de\/wp-json\/wp\/v2\/pages\/24671\/revisions\/24690"}],"wp:attachment":[{"href":"https:\/\/crochetts.com\/de\/wp-json\/wp\/v2\/media?parent=24671"}],"curies":[{"name":"wp","href":"https:\/\/api.w.org\/{rel}","templated":true}]}}