{"id":24651,"date":"2025-10-30T17:27:20","date_gmt":"2025-10-30T16:27:20","guid":{"rendered":"https:\/\/crochetts.com\/projekte\/"},"modified":"2025-11-26T09:44:33","modified_gmt":"2025-11-26T08:44:33","slug":"projekte","status":"publish","type":"page","link":"https:\/\/crochetts.com\/de\/projekte\/","title":{"rendered":"Projekte"},"content":{"rendered":"\t\t<div data-elementor-type=\"wp-page\" data-elementor-id=\"24651\" class=\"elementor elementor-24651 elementor-17462\" data-elementor-post-type=\"page\">\n\t\t\t\t\t\t<section class=\"elementor-section elementor-top-section elementor-element elementor-element-6db9e7e elementor-section-boxed elementor-section-height-default elementor-section-height-default\" data-id=\"6db9e7e\" data-element_type=\"section\">\n\t\t\t\t\t\t<div class=\"elementor-container elementor-column-gap-default\">\n\t\t\t\t\t<div class=\"elementor-column elementor-col-100 elementor-top-column elementor-element elementor-element-5b5b998\" data-id=\"5b5b998\" data-element_type=\"column\">\n\t\t\t<div class=\"elementor-widget-wrap\">\n\t\t\t\t\t\t\t<\/div>\n\t\t<\/div>\n\t\t\t\t\t<\/div>\n\t\t<\/section>\n\t\t\t\t<section class=\"elementor-section elementor-top-section elementor-element elementor-element-c270999 elementor-section-boxed elementor-section-height-default elementor-section-height-default\" data-id=\"c270999\" data-element_type=\"section\">\n\t\t\t\t\t\t<div class=\"elementor-container elementor-column-gap-default\">\n\t\t\t\t\t<div class=\"elementor-column elementor-col-100 elementor-top-column elementor-element elementor-element-8dc14c3\" data-id=\"8dc14c3\" data-element_type=\"column\">\n\t\t\t<div class=\"elementor-widget-wrap\">\n\t\t\t\t\t\t\t<\/div>\n\t\t<\/div>\n\t\t\t\t\t<\/div>\n\t\t<\/section>\n\t\t\t\t<\/div>\n\t\t","protected":false},"excerpt":{"rendered":"<p>Nuestros proyectos En\u00a0Crochetts abordamos proyectos personalizados donde los protagonistas son nuestros productos: peluches de algod\u00f3n y l\u00e1minas infantiles personalizas que decorar\u00e1n rincones de lectura y espacios infantiles para jugar, aprender y disfrutar. Aqu\u00ed os presentamos algunos de\u00a0nuestros proyectos para entidades, colegios y empresas de renombre a nivel internacional.<\/p>\n","protected":false},"author":1,"featured_media":24654,"parent":0,"menu_order":0,"comment_status":"closed","ping_status":"closed","template":"innovant-proyectos-page.php","meta":{"_acf_changed":false,"_joinchat":[],"footnotes":""},"class_list":["post-24651","page","type-page","status-publish","has-post-thumbnail","hentry","entry"],"acf":[],"yoast_head":"<!-- This site is optimized with the Yoast SEO Premium plugin v26.1 (Yoast SEO v27.3) - https:\/\/yoast.com\/product\/yoast-seo-premium-wordpress\/ -->\n<title>Personalisierte Projekte von Kuscheltieren und H\u00e4keln | Crochetts<\/title>\n<meta name=\"description\" content=\"Bei Crochetts \u00fcbernehmen wir personalisierte Projekte, bei denen die Protagonisten unsere Produkte sind: Pl\u00fcschtiere aus Baumwolle und personalisierte Drucke.\" \/>\n<meta name=\"robots\" content=\"index, follow, max-snippet:-1, max-image-preview:large, max-video-preview:-1\" \/>\n<link rel=\"canonical\" href=\"https:\/\/crochetts.com\/de\/projekte\/\" \/>\n<meta property=\"og:locale\" content=\"de_DE\" \/>\n<meta property=\"og:type\" content=\"article\" \/>\n<meta property=\"og:title\" content=\"Projekte\" \/>\n<meta property=\"og:description\" content=\"Nuestros proyectos En\u00a0Crochetts abordamos proyectos personalizados donde los protagonistas son nuestros productos: peluches de algod\u00f3n y l\u00e1minas\" \/>\n<meta property=\"og:url\" content=\"https:\/\/crochetts.com\/de\/projekte\/\" \/>\n<meta property=\"og:site_name\" content=\"Crochetts\" \/>\n<meta property=\"article:publisher\" content=\"https:\/\/www.facebook.com\/Crochetts-101964178013493\" \/>\n<meta property=\"article:modified_time\" content=\"2025-11-26T08:44:33+00:00\" \/>\n<meta property=\"og:image\" content=\"https:\/\/crochetts.com\/wp-content\/uploads\/2025\/03\/Banner-Proyectos-Crochetts-2.jpg\" \/>\n\t<meta property=\"og:image:width\" content=\"1500\" \/>\n\t<meta property=\"og:image:height\" content=\"575\" \/>\n\t<meta property=\"og:image:type\" content=\"image\/jpeg\" \/>\n<meta name=\"twitter:card\" content=\"summary_large_image\" \/>\n<script type=\"application\/ld+json\" class=\"yoast-schema-graph\">{\"@context\":\"https:\\\/\\\/schema.org\",\"@graph\":[{\"@type\":\"WebPage\",\"@id\":\"https:\\\/\\\/crochetts.com\\\/de\\\/projekte\\\/\",\"url\":\"https:\\\/\\\/crochetts.com\\\/de\\\/projekte\\\/\",\"name\":\"Personalisierte Projekte von Kuscheltieren und H\u00e4keln | Crochetts\",\"isPartOf\":{\"@id\":\"https:\\\/\\\/crochetts.com\\\/de\\\/#website\"},\"primaryImageOfPage\":{\"@id\":\"https:\\\/\\\/crochetts.com\\\/de\\\/projekte\\\/#primaryimage\"},\"image\":{\"@id\":\"https:\\\/\\\/crochetts.com\\\/de\\\/projekte\\\/#primaryimage\"},\"thumbnailUrl\":\"https:\\\/\\\/crochetts.com\\\/wp-content\\\/uploads\\\/2025\\\/03\\\/Banner-Proyectos-Crochetts-2.jpg\",\"datePublished\":\"2025-10-30T16:27:20+00:00\",\"dateModified\":\"2025-11-26T08:44:33+00:00\",\"description\":\"Bei Crochetts \u00fcbernehmen wir personalisierte Projekte, bei denen die Protagonisten unsere Produkte sind: Pl\u00fcschtiere aus Baumwolle und personalisierte Drucke.\",\"breadcrumb\":{\"@id\":\"https:\\\/\\\/crochetts.com\\\/de\\\/projekte\\\/#breadcrumb\"},\"inLanguage\":\"de\",\"potentialAction\":[{\"@type\":\"ReadAction\",\"target\":[\"https:\\\/\\\/crochetts.com\\\/de\\\/projekte\\\/\"]}]},{\"@type\":\"ImageObject\",\"inLanguage\":\"de\",\"@id\":\"https:\\\/\\\/crochetts.com\\\/de\\\/projekte\\\/#primaryimage\",\"url\":\"https:\\\/\\\/crochetts.com\\\/wp-content\\\/uploads\\\/2025\\\/03\\\/Banner-Proyectos-Crochetts-2.jpg\",\"contentUrl\":\"https:\\\/\\\/crochetts.com\\\/wp-content\\\/uploads\\\/2025\\\/03\\\/Banner-Proyectos-Crochetts-2.jpg\",\"width\":1500,\"height\":575,\"caption\":\"Kinderclub Dekoration\"},{\"@type\":\"BreadcrumbList\",\"@id\":\"https:\\\/\\\/crochetts.com\\\/de\\\/projekte\\\/#breadcrumb\",\"itemListElement\":[{\"@type\":\"ListItem\",\"position\":1,\"name\":\"Portada\",\"item\":\"https:\\\/\\\/crochetts.com\\\/de\\\/startseite\\\/\"},{\"@type\":\"ListItem\",\"position\":2,\"name\":\"Projekte\"}]},{\"@type\":\"WebSite\",\"@id\":\"https:\\\/\\\/crochetts.com\\\/de\\\/#website\",\"url\":\"https:\\\/\\\/crochetts.com\\\/de\\\/\",\"name\":\"Crochetts\",\"description\":\"ANIMALES DE CROCHET PARA JUGAR,DECORAR Y SO\u00d1AR\",\"publisher\":{\"@id\":\"https:\\\/\\\/crochetts.com\\\/de\\\/#organization\"},\"potentialAction\":[{\"@type\":\"SearchAction\",\"target\":{\"@type\":\"EntryPoint\",\"urlTemplate\":\"https:\\\/\\\/crochetts.com\\\/de\\\/?s={search_term_string}\"},\"query-input\":{\"@type\":\"PropertyValueSpecification\",\"valueRequired\":true,\"valueName\":\"search_term_string\"}}],\"inLanguage\":\"de\"},{\"@type\":\"Organization\",\"@id\":\"https:\\\/\\\/crochetts.com\\\/de\\\/#organization\",\"name\":\"H\u00e4keln\",\"url\":\"https:\\\/\\\/crochetts.com\\\/de\\\/\",\"logo\":{\"@type\":\"ImageObject\",\"inLanguage\":\"de\",\"@id\":\"https:\\\/\\\/crochetts.com\\\/de\\\/#\\\/schema\\\/logo\\\/image\\\/\",\"url\":\"https:\\\/\\\/i2.wp.com\\\/crochetts.com\\\/wp-content\\\/uploads\\\/2021\\\/01\\\/Logo-Crochetts.jpg?fit=300%2C137&ssl=1\",\"contentUrl\":\"https:\\\/\\\/i2.wp.com\\\/crochetts.com\\\/wp-content\\\/uploads\\\/2021\\\/01\\\/Logo-Crochetts.jpg?fit=300%2C137&ssl=1\",\"width\":300,\"height\":137,\"caption\":\"H\u00e4keln\"},\"image\":{\"@id\":\"https:\\\/\\\/crochetts.com\\\/de\\\/#\\\/schema\\\/logo\\\/image\\\/\"},\"sameAs\":[\"https:\\\/\\\/www.facebook.com\\\/Crochetts-101964178013493\",\"https:\\\/\\\/www.instagram.com\\\/crochetts_\\\/\"]}]}<\/script>\n<!-- \/ Yoast SEO Premium plugin. -->","yoast_head_json":{"title":"Personalisierte Projekte von Kuscheltieren und H\u00e4keln | Crochetts","description":"Bei Crochetts \u00fcbernehmen wir personalisierte Projekte, bei denen die Protagonisten unsere Produkte sind: Pl\u00fcschtiere aus Baumwolle und personalisierte Drucke.","robots":{"index":"index","follow":"follow","max-snippet":"max-snippet:-1","max-image-preview":"max-image-preview:large","max-video-preview":"max-video-preview:-1"},"canonical":"https:\/\/crochetts.com\/de\/projekte\/","og_locale":"de_DE","og_type":"article","og_title":"Projekte","og_description":"Nuestros proyectos En\u00a0Crochetts abordamos proyectos personalizados donde los protagonistas son nuestros productos: peluches de algod\u00f3n y l\u00e1minas","og_url":"https:\/\/crochetts.com\/de\/projekte\/","og_site_name":"Crochetts","article_publisher":"https:\/\/www.facebook.com\/Crochetts-101964178013493","article_modified_time":"2025-11-26T08:44:33+00:00","og_image":[{"width":1500,"height":575,"url":"https:\/\/crochetts.com\/wp-content\/uploads\/2025\/03\/Banner-Proyectos-Crochetts-2.jpg","type":"image\/jpeg"}],"twitter_card":"summary_large_image","schema":{"@context":"https:\/\/schema.org","@graph":[{"@type":"WebPage","@id":"https:\/\/crochetts.com\/de\/projekte\/","url":"https:\/\/crochetts.com\/de\/projekte\/","name":"Personalisierte Projekte von Kuscheltieren und H\u00e4keln | Crochetts","isPartOf":{"@id":"https:\/\/crochetts.com\/de\/#website"},"primaryImageOfPage":{"@id":"https:\/\/crochetts.com\/de\/projekte\/#primaryimage"},"image":{"@id":"https:\/\/crochetts.com\/de\/projekte\/#primaryimage"},"thumbnailUrl":"https:\/\/crochetts.com\/wp-content\/uploads\/2025\/03\/Banner-Proyectos-Crochetts-2.jpg","datePublished":"2025-10-30T16:27:20+00:00","dateModified":"2025-11-26T08:44:33+00:00","description":"Bei Crochetts \u00fcbernehmen wir personalisierte Projekte, bei denen die Protagonisten unsere Produkte sind: Pl\u00fcschtiere aus Baumwolle und personalisierte Drucke.","breadcrumb":{"@id":"https:\/\/crochetts.com\/de\/projekte\/#breadcrumb"},"inLanguage":"de","potentialAction":[{"@type":"ReadAction","target":["https:\/\/crochetts.com\/de\/projekte\/"]}]},{"@type":"ImageObject","inLanguage":"de","@id":"https:\/\/crochetts.com\/de\/projekte\/#primaryimage","url":"https:\/\/crochetts.com\/wp-content\/uploads\/2025\/03\/Banner-Proyectos-Crochetts-2.jpg","contentUrl":"https:\/\/crochetts.com\/wp-content\/uploads\/2025\/03\/Banner-Proyectos-Crochetts-2.jpg","width":1500,"height":575,"caption":"Kinderclub Dekoration"},{"@type":"BreadcrumbList","@id":"https:\/\/crochetts.com\/de\/projekte\/#breadcrumb","itemListElement":[{"@type":"ListItem","position":1,"name":"Portada","item":"https:\/\/crochetts.com\/de\/startseite\/"},{"@type":"ListItem","position":2,"name":"Projekte"}]},{"@type":"WebSite","@id":"https:\/\/crochetts.com\/de\/#website","url":"https:\/\/crochetts.com\/de\/","name":"Crochetts","description":"ANIMALES DE CROCHET PARA JUGAR,DECORAR Y SO\u00d1AR","publisher":{"@id":"https:\/\/crochetts.com\/de\/#organization"},"potentialAction":[{"@type":"SearchAction","target":{"@type":"EntryPoint","urlTemplate":"https:\/\/crochetts.com\/de\/?s={search_term_string}"},"query-input":{"@type":"PropertyValueSpecification","valueRequired":true,"valueName":"search_term_string"}}],"inLanguage":"de"},{"@type":"Organization","@id":"https:\/\/crochetts.com\/de\/#organization","name":"H\u00e4keln","url":"https:\/\/crochetts.com\/de\/","logo":{"@type":"ImageObject","inLanguage":"de","@id":"https:\/\/crochetts.com\/de\/#\/schema\/logo\/image\/","url":"https:\/\/i2.wp.com\/crochetts.com\/wp-content\/uploads\/2021\/01\/Logo-Crochetts.jpg?fit=300%2C137&ssl=1","contentUrl":"https:\/\/i2.wp.com\/crochetts.com\/wp-content\/uploads\/2021\/01\/Logo-Crochetts.jpg?fit=300%2C137&ssl=1","width":300,"height":137,"caption":"H\u00e4keln"},"image":{"@id":"https:\/\/crochetts.com\/de\/#\/schema\/logo\/image\/"},"sameAs":["https:\/\/www.facebook.com\/Crochetts-101964178013493","https:\/\/www.instagram.com\/crochetts_\/"]}]}},"_links":{"self":[{"href":"https:\/\/crochetts.com\/de\/wp-json\/wp\/v2\/pages\/24651","targetHints":{"allow":["GET"]}}],"collection":[{"href":"https:\/\/crochetts.com\/de\/wp-json\/wp\/v2\/pages"}],"about":[{"href":"https:\/\/crochetts.com\/de\/wp-json\/wp\/v2\/types\/page"}],"author":[{"embeddable":true,"href":"https:\/\/crochetts.com\/de\/wp-json\/wp\/v2\/users\/1"}],"replies":[{"embeddable":true,"href":"https:\/\/crochetts.com\/de\/wp-json\/wp\/v2\/comments?post=24651"}],"version-history":[{"count":3,"href":"https:\/\/crochetts.com\/de\/wp-json\/wp\/v2\/pages\/24651\/revisions"}],"predecessor-version":[{"id":24664,"href":"https:\/\/crochetts.com\/de\/wp-json\/wp\/v2\/pages\/24651\/revisions\/24664"}],"wp:featuredmedia":[{"embeddable":true,"href":"https:\/\/crochetts.com\/de\/wp-json\/wp\/v2\/media\/24654"}],"wp:attachment":[{"href":"https:\/\/crochetts.com\/de\/wp-json\/wp\/v2\/media?parent=24651"}],"curies":[{"name":"wp","href":"https:\/\/api.w.org\/{rel}","templated":true}]}}